{"id":34,"date":"2017-11-05T06:29:54","date_gmt":"2017-11-05T05:29:54","guid":{"rendered":"http:\/\/nauciti.online\/engleski\/?page_id=34"},"modified":"2017-11-05T06:29:54","modified_gmt":"2017-11-05T05:29:54","slug":"kompletan-kurs-engleskog-jezika","status":"publish","type":"page","link":"https:\/\/nauciti.online\/engleski\/kompletan-kurs-engleskog-jezika\/","title":{"rendered":"Kompletan kurs engleskog jezika"},"content":{"rendered":"<p>Kompletan kurs nismo jo\u0161 zavr\u0161ili ali uskoro \u0107e biti (po\u010detkom 2017 godine). Ako ima\u0161 bilo kakvo pitanje vezano za kurs slobodno se javi putem stranice \u201c<a href=\"http:\/\/nauciti.online\/engleski\/kontakt\/\" target=\"_blank\" rel=\"noopener\">kontakt<\/a>\u201d na koju mo\u017ee\u0161 sti\u0107i preko gornjeg menija ili klikom\u00a0<a href=\"http:\/\/nauciti.online\/engleski\/kontakt\/\" target=\"_blank\" rel=\"noopener\">ovde<\/a>.<\/p>\n","protected":false},"excerpt":{"rendered":"<p>Kompletan kurs nismo jo\u0161 zavr\u0161ili ali uskoro \u0107e biti (po\u010detkom 2017 godine). Ako ima\u0161 bilo kakvo pitanje vezano za kurs slobodno se javi putem stranice \u201ckontakt\u201d na koju mo\u017ee\u0161 sti\u0107i preko gornjeg menija ili klikom\u00a0ovde.<\/p>\n","protected":false},"author":1,"featured_media":0,"parent":0,"menu_order":0,"comment_status":"closed","ping_status":"closed","template":"","meta":[],"_links":{"self":[{"href":"https:\/\/nauciti.online\/engleski\/wp-json\/wp\/v2\/pages\/34"}],"collection":[{"href":"https:\/\/nauciti.online\/engleski\/wp-json\/wp\/v2\/pages"}],"about":[{"href":"https:\/\/nauciti.online\/engleski\/wp-json\/wp\/v2\/types\/page"}],"author":[{"embeddable":true,"href":"https:\/\/nauciti.online\/engleski\/wp-json\/wp\/v2\/users\/1"}],"replies":[{"embeddable":true,"href":"https:\/\/nauciti.online\/engleski\/wp-json\/wp\/v2\/comments?post=34"}],"version-history":[{"count":1,"href":"https:\/\/nauciti.online\/engleski\/wp-json\/wp\/v2\/pages\/34\/revisions"}],"predecessor-version":[{"id":35,"href":"https:\/\/nauciti.online\/engleski\/wp-json\/wp\/v2\/pages\/34\/revisions\/35"}],"wp:attachment":[{"href":"https:\/\/nauciti.online\/engleski\/wp-json\/wp\/v2\/media?parent=34"}],"curies":[{"name":"wp","href":"https:\/\/api.w.org\/{rel}","templated":true}]}}