{"id":16,"date":"2017-11-05T02:37:11","date_gmt":"2017-11-05T01:37:11","guid":{"rendered":"http:\/\/nauciti.online\/italijanski\/?page_id=16"},"modified":"2017-11-05T02:37:11","modified_gmt":"2017-11-05T01:37:11","slug":"kompletan-kurs","status":"publish","type":"page","link":"https:\/\/nauciti.online\/italijanski\/kompletan-kurs\/","title":{"rendered":"Kompletan kurs"},"content":{"rendered":"<p>Kompletan kurs nismo jo\u0161 zavr\u0161ili ali uskoro \u0107e biti (do kraja 2017 godine). Ako ima\u0161 bilo kakvo pitanje vezano za kurs slobodno se javi putem stranice &#8220;<a href=\"http:\/\/nauciti.online\/italijanski\/kontakt\/\">kontakt<\/a>&#8221; na koju mo\u017ee\u0161 sti\u0107i preko gornjeg menija ili klikom <a href=\"http:\/\/nauciti.online\/italijanski\/kontakt\/\">ovde<\/a>.<\/p>\n","protected":false},"excerpt":{"rendered":"<p>Kompletan kurs nismo jo\u0161 zavr\u0161ili ali uskoro \u0107e biti (do kraja 2017 godine). Ako ima\u0161 bilo kakvo pitanje vezano za kurs slobodno se javi putem stranice &#8220;kontakt&#8221; na koju mo\u017ee\u0161 sti\u0107i preko gornjeg menija ili klikom ovde.<\/p>\n","protected":false},"author":1,"featured_media":0,"parent":0,"menu_order":0,"comment_status":"closed","ping_status":"closed","template":"","meta":[],"_links":{"self":[{"href":"https:\/\/nauciti.online\/italijanski\/wp-json\/wp\/v2\/pages\/16"}],"collection":[{"href":"https:\/\/nauciti.online\/italijanski\/wp-json\/wp\/v2\/pages"}],"about":[{"href":"https:\/\/nauciti.online\/italijanski\/wp-json\/wp\/v2\/types\/page"}],"author":[{"embeddable":true,"href":"https:\/\/nauciti.online\/italijanski\/wp-json\/wp\/v2\/users\/1"}],"replies":[{"embeddable":true,"href":"https:\/\/nauciti.online\/italijanski\/wp-json\/wp\/v2\/comments?post=16"}],"version-history":[{"count":1,"href":"https:\/\/nauciti.online\/italijanski\/wp-json\/wp\/v2\/pages\/16\/revisions"}],"predecessor-version":[{"id":17,"href":"https:\/\/nauciti.online\/italijanski\/wp-json\/wp\/v2\/pages\/16\/revisions\/17"}],"wp:attachment":[{"href":"https:\/\/nauciti.online\/italijanski\/wp-json\/wp\/v2\/media?parent=16"}],"curies":[{"name":"wp","href":"https:\/\/api.w.org\/{rel}","templated":true}]}}