{"id":13,"date":"2017-08-10T06:49:29","date_gmt":"2017-08-10T04:49:29","guid":{"rendered":"http:\/\/nauciti.online\/nemacki\/?page_id=13"},"modified":"2017-08-26T17:10:11","modified_gmt":"2017-08-26T15:10:11","slug":"kompletan-kurs-nemackog","status":"publish","type":"page","link":"https:\/\/nauciti.online\/nemacki\/kompletan-kurs-nemackog\/","title":{"rendered":"Kompletan kurs nema\u010dkog"},"content":{"rendered":"<h1><span style=\"color: #339966;\"><strong>Mora\u0107e\u0161 biti strpljiv ! Kompletan kurs nema\u010dkog jezika je u toku i bi\u0107e dostupan na kraju godine 2017.<\/strong><\/span><\/h1>\n","protected":false},"excerpt":{"rendered":"<p>Mora\u0107e\u0161 biti strpljiv ! Kompletan kurs nema\u010dkog jezika je u toku i bi\u0107e dostupan na kraju godine 2017.<\/p>\n","protected":false},"author":1,"featured_media":0,"parent":0,"menu_order":0,"comment_status":"closed","ping_status":"closed","template":"","meta":[],"_links":{"self":[{"href":"https:\/\/nauciti.online\/nemacki\/wp-json\/wp\/v2\/pages\/13"}],"collection":[{"href":"https:\/\/nauciti.online\/nemacki\/wp-json\/wp\/v2\/pages"}],"about":[{"href":"https:\/\/nauciti.online\/nemacki\/wp-json\/wp\/v2\/types\/page"}],"author":[{"embeddable":true,"href":"https:\/\/nauciti.online\/nemacki\/wp-json\/wp\/v2\/users\/1"}],"replies":[{"embeddable":true,"href":"https:\/\/nauciti.online\/nemacki\/wp-json\/wp\/v2\/comments?post=13"}],"version-history":[{"count":2,"href":"https:\/\/nauciti.online\/nemacki\/wp-json\/wp\/v2\/pages\/13\/revisions"}],"predecessor-version":[{"id":44,"href":"https:\/\/nauciti.online\/nemacki\/wp-json\/wp\/v2\/pages\/13\/revisions\/44"}],"wp:attachment":[{"href":"https:\/\/nauciti.online\/nemacki\/wp-json\/wp\/v2\/media?parent=13"}],"curies":[{"name":"wp","href":"https:\/\/api.w.org\/{rel}","templated":true}]}}