{"id":193,"date":"2022-02-02T02:24:31","date_gmt":"2022-02-02T01:24:31","guid":{"rendered":"https:\/\/nauciti.online\/nemacki\/?page_id=193"},"modified":"2022-02-02T02:24:32","modified_gmt":"2022-02-02T01:24:32","slug":"193-2","status":"publish","type":"page","link":"https:\/\/nauciti.online\/nemacki\/193-2\/","title":{"rendered":""},"content":{"rendered":"\n<figure class=\"wp-block-embed is-type-rich is-provider-embed-handler wp-block-embed-embed-handler\"><div class=\"wp-block-embed__wrapper\">\nhttps:\/\/youtube.com\/watch?v=tNGEhyFQdHE%3Fshowinfo%3D0\n<\/div><\/figure>\n\n\n\n<h3><a href=\"http:\/\/www.jezici.online\/prezentacijanjemackiza5minuta\"><strong>Klikni ovde i u\u010dlani se na kompletan kurs nema\u010dkog<\/strong><\/a><\/h3>\n\n\n\n<h1>Nau\u010diti nema\u010dki : osnovna pitanja i odgovori<\/h1>\n\n\n\n<p>U pro\u0161loj lekciji ste nau\u010dili <a href=\"http:\/\/nauciti.online\/nemacki\/nemacki-jezik-predstavljanje-na-nemackom-video\/\">kako se predstaviti<\/a>, u ovoj novoj \u0107ete nau\u010diti osnovna pitanja i odgovore na nema\u010dkom jeziku.<\/p>\n\n\n\n<h2>Nema\u010dki jezik : osnovna pitanja i odgovori na nema\u010dkom jeziku<\/h2>\n\n\n\n<p><a>\u200b<\/a><strong>Hallo, wie geht es dir ?<\/strong><\/p>\n\n\n\n<p><em>(Halo, vi get es dir ?)<\/em> <\/p>\n\n\n\n<p>Zdravo, kako si ?<\/p>\n\n\n\n<hr class=\"wp-block-separator\"\/>\n\n\n\n<p><strong>Es geht mir gut<\/strong><em>(Es get mir gut)<\/em> Okej sam<\/p>\n\n\n\n<hr class=\"wp-block-separator\"\/>\n\n\n\n<p><strong>Es geht mir sehr gut, danke<\/strong><em>(Es get mir ser gut, danke)<\/em> Dobro sam, hvala<\/p>\n\n\n\n<hr class=\"wp-block-separator\"\/>\n\n\n\n<p><strong>Es geht mir super, danke, und wie geht es dir ?<\/strong><em>(Es get mir zuper, danke, und vi get es dir ?)<\/em> Ja sam odli\u010dno, hvala, kako si ti ?<\/p>\n\n\n\n<hr class=\"wp-block-separator\"\/>\n\n\n\n<p><strong>Danke , aber nicht so gut<\/strong><em>(Danke , aber niht zo gut)<\/em> Hvala na pitanju, ne tako dobro<\/p>\n\n\n\n<hr class=\"wp-block-separator\"\/>\n\n\n\n<p><strong>Wie geht es ihm heute ?<\/strong><em>(Vi get es im hojte ?)<\/em> Kako je on danas ?<\/p>\n\n\n\n<hr class=\"wp-block-separator\"\/>\n\n\n\n<p><strong>Ihm geht es super<\/strong><em>(Im get es zuper)<\/em> On je odli\u010dno<\/p>\n\n\n\n<hr class=\"wp-block-separator\"\/>\n\n\n\n<p><strong>Ihm geht es gut, danke<\/strong><em>(Im get es gut, danke )<\/em> On je okej, hvala na pitanju<\/p>\n\n\n\n<hr class=\"wp-block-separator\"\/>\n\n\n\n<p><strong>Wie l\u00e4uft dein Tag ?<\/strong><em>(Vi lojft dajn Tag ?)<\/em> Kakav je tvoj dan ?<\/p>\n\n\n\n<hr class=\"wp-block-separator\"\/>\n\n\n\n<p><strong>Gut, danke<\/strong><em>(Gut, danke)<\/em> Okej je, hvala<\/p>\n\n\n\n<hr class=\"wp-block-separator\"\/>\n\n\n\n<p><strong>Sehr gut, danke<\/strong><em>(Zer gut, danke)<\/em> Odli\u010dno je, hvala<\/p>\n\n\n\n<hr class=\"wp-block-separator\"\/>\n\n\n\n<p><strong>Ist alles in Ordnung ?<\/strong><em>(Ist ales in Ordnung ?)<\/em> Da li je sve u redu ?<\/p>\n\n\n\n<hr class=\"wp-block-separator\"\/>\n\n\n\n<p><strong>Ja, alles gut, danke<\/strong><em>(Ja, ales gut, danke)<\/em> Da, sve je u redu, hvala<\/p>\n\n\n\n<hr class=\"wp-block-separator\"\/>\n\n\n\n<p><strong>Es geht mir nicht so gut, aber danke f\u00fcr die Frage<\/strong><em>(Es get mir niht zo gut, aber danke fur di Frage)<\/em> Nisam ba\u0161 sjajno, ali hvala na pitanju<\/p>\n\n\n\n<hr class=\"wp-block-separator\"\/>\n\n\n\n<p><strong>Es tut mir so leid !<\/strong><em>(Es tut mir zo lajd !)<\/em> Tako mi je \u017eao !<\/p>\n\n\n\n<hr class=\"wp-block-separator\"\/>\n\n\n\n<p><strong>Alles gut<\/strong><em>(Ales gut)<\/em> U redu je<\/p>\n\n\n\n<hr class=\"wp-block-separator\"\/>\n\n\n\n<p><strong>Was machst du ?<\/strong><em>(Vas mahst du ?)<\/em> \u0160ta radi\u0161 ?<\/p>\n\n\n\n<hr class=\"wp-block-separator\"\/>\n\n\n\n<p><strong>Ich sehe fern<\/strong><em>(Ih ze fern)<\/em> Gledam TV<\/p>\n\n\n\n<hr class=\"wp-block-separator\"\/>\n\n\n\n<p><strong>Hey, gibt es etwas Neues?<\/strong><em>(Hej, gibt es etvas Nojes?)<\/em> Hej, \u0161ta ima novo ?<\/p>\n\n\n\n<hr class=\"wp-block-separator\"\/>\n\n\n\n<p><strong>Hey, nichts Besonderes<\/strong><em>(Hej, nihts Bezonderes)<\/em> Hej, ni\u0161ta posebno<\/p>\n\n\n\n<hr class=\"wp-block-separator\"\/>\n\n\n\n<p><strong>Wie alt bist du ?<\/strong><em>(Vi alt bist du ?)<\/em> Koliko ima\u0161 godina ?<\/p>\n\n\n\n<hr class=\"wp-block-separator\"\/>\n\n\n\n<p><strong>Ich bin drei\u00dfig Jahre alt<\/strong><em>(Ih bin drajsig Jare alt)<\/em> Imam trideset godina<\/p>\n\n\n\n<hr class=\"wp-block-separator\"\/>\n\n\n\n<p><strong>Wie alt ist sie ?<\/strong><em>(Vi alt ist zi ?)<\/em> Koliko godina ima ona ?<\/p>\n\n\n\n<hr class=\"wp-block-separator\"\/>\n\n\n\n<p><strong>Sie ist zehn Jahre alt<\/strong><em>(Zi ist cen Jare alt)<\/em> Ona ima deset godina<\/p>\n\n\n\n<hr class=\"wp-block-separator\"\/>\n\n\n\n<p>Sad zna\u0161 osnovna pitanja i odgovore na nema\u010dkom jeziku !<\/p>\n\n\n\n<p>Dopala ti se ova lekcija ?&nbsp;<strong>Podeli, i ostavi komentar !<\/strong><\/p>\n\n\n\n<h3><a href=\"http:\/\/www.jezici.online\/prezentacijanjemackiza5minuta\"><strong>Klikni ovde i u\u010dlani se na kompletan kurs nema\u010dkog<\/strong><\/a><\/h3>\n\n\n\n<h2><a href=\"http:\/\/www.Nemacki.Online\">Nemacki.Online<\/a> najbolji sajt za u\u010denje nema\u010dkog jezika online. Kursevi za po\u010detnike i za napredne.<\/h2>\n","protected":false},"excerpt":{"rendered":"<p>Klikni ovde i u\u010dlani se na kompletan kurs nema\u010dkog Nau\u010diti nema\u010dki : osnovna pitanja i odgovori U pro\u0161loj lekciji ste nau\u010dili kako se predstaviti, u ovoj novoj \u0107ete nau\u010diti osnovna pitanja i odgovore na nema\u010dkom jeziku. Nema\u010dki jezik : osnovna pitanja i odgovori na nema\u010dkom jeziku \u200bHallo, wie geht es dir ? (Halo, vi get [&hellip;]<\/p>\n","protected":false},"author":1,"featured_media":0,"parent":0,"menu_order":0,"comment_status":"closed","ping_status":"closed","template":"","meta":[],"_links":{"self":[{"href":"https:\/\/nauciti.online\/nemacki\/wp-json\/wp\/v2\/pages\/193"}],"collection":[{"href":"https:\/\/nauciti.online\/nemacki\/wp-json\/wp\/v2\/pages"}],"about":[{"href":"https:\/\/nauciti.online\/nemacki\/wp-json\/wp\/v2\/types\/page"}],"author":[{"embeddable":true,"href":"https:\/\/nauciti.online\/nemacki\/wp-json\/wp\/v2\/users\/1"}],"replies":[{"embeddable":true,"href":"https:\/\/nauciti.online\/nemacki\/wp-json\/wp\/v2\/comments?post=193"}],"version-history":[{"count":1,"href":"https:\/\/nauciti.online\/nemacki\/wp-json\/wp\/v2\/pages\/193\/revisions"}],"predecessor-version":[{"id":194,"href":"https:\/\/nauciti.online\/nemacki\/wp-json\/wp\/v2\/pages\/193\/revisions\/194"}],"wp:attachment":[{"href":"https:\/\/nauciti.online\/nemacki\/wp-json\/wp\/v2\/media?parent=193"}],"curies":[{"name":"wp","href":"https:\/\/api.w.org\/{rel}","templated":true}]}}